{"id":24845147,"date":"2025-11-17T14:05:37","date_gmt":"2025-11-17T13:05:37","guid":{"rendered":"https:\/\/www.brunner-leiter.com\/servizi\/"},"modified":"2026-02-24T10:40:26","modified_gmt":"2026-02-24T09:40:26","slug":"servizi","status":"publish","type":"page","link":"https:\/\/www.brunner-leiter.com\/it\/servizi\/","title":{"rendered":"Servizi"},"content":{"rendered":"<p>[et_pb_section fb_built=&#8221;1&#8243; specialty=&#8221;on&#8221; _builder_version=&#8221;4.27.5&#8243; _module_preset=&#8221;default&#8221; background_color=&#8221;#FFFFFF&#8221; background_image=&#8221;https:\/\/www.brunner-leiter.com\/wp-content\/uploads\/2026\/01\/brunner-leiter-leistungen-header-bg.jpg&#8221; background_size=&#8221;custom&#8221; background_image_width=&#8221;49%&#8221; background_position=&#8221;top_left&#8221; background_last_edited=&#8221;on|tablet&#8221; background_enable_image_phone=&#8221;off&#8221; global_colors_info=&#8221;{}&#8221;][et_pb_column type=&#8221;1_3&#8243; _builder_version=&#8221;4.16&#8243; custom_padding=&#8221;|||&#8221; global_colors_info=&#8221;{}&#8221; custom_padding__hover=&#8221;|||&#8221;][\/et_pb_column][et_pb_column type=&#8221;2_3&#8243; specialty_columns=&#8221;2&#8243; _builder_version=&#8221;4.16&#8243; custom_padding=&#8221;|||&#8221; global_colors_info=&#8221;{}&#8221; custom_padding__hover=&#8221;|||&#8221;][et_pb_row_inner column_structure=&#8221;1_2,1_2&#8243; _builder_version=&#8221;4.27.5&#8243; _module_preset=&#8221;default&#8221; custom_margin_tablet=&#8221;30px||||false|false&#8221; custom_margin_phone=&#8221;30px||||false|false&#8221; custom_margin_last_edited=&#8221;on|tablet&#8221; global_colors_info=&#8221;{}&#8221;][et_pb_column_inner type=&#8221;1_2&#8243; saved_specialty_column_type=&#8221;2_3&#8243; _builder_version=&#8221;4.27.5&#8243; _module_preset=&#8221;default&#8221; global_colors_info=&#8221;{}&#8221;][et_pb_text _builder_version=&#8221;4.27.5&#8243; _module_preset=&#8221;default&#8221; global_colors_info=&#8221;{}&#8221;][\/et_pb_text][et_pb_text _builder_version=&#8221;4.27.5&#8243; _module_preset=&#8221;default&#8221; header_2_text_align=&#8221;center&#8221; header_2_font_size=&#8221;36px&#8221; header_2_line_height=&#8221;1.2em&#8221; header_5_font=&#8221;|||on|||||&#8221; header_5_text_align=&#8221;center&#8221; header_5_text_color=&#8221;#000000&#8243; header_5_font_size=&#8221;22px&#8221; header_5_line_height=&#8221;1.5em&#8221; custom_margin=&#8221;||70px||false|false&#8221; global_colors_info=&#8221;{}&#8221;]<\/p>\n<h5>Servizi<\/h5>\n<h2>Eccellenza in movimento<\/h2>\n<p>&nbsp;<\/p>\n<p>[\/et_pb_text][\/et_pb_column_inner][et_pb_column_inner type=&#8221;1_2&#8243; saved_specialty_column_type=&#8221;2_3&#8243; _builder_version=&#8221;4.27.5&#8243; _module_preset=&#8221;default&#8221; global_colors_info=&#8221;{}&#8221;][et_pb_text disabled_on=&#8221;on|on|off&#8221; _builder_version=&#8221;4.27.5&#8243; _module_preset=&#8221;default&#8221; global_colors_info=&#8221;{}&#8221;][\/et_pb_text][et_pb_text _builder_version=&#8221;4.27.5&#8243; _module_preset=&#8221;default&#8221; text_text_color=&#8221;#0468B4&#8243; width_tablet=&#8221;50%&#8221; width_phone=&#8221;100%&#8221; width_last_edited=&#8221;on|phone&#8221; custom_margin=&#8221;70px||||false|false&#8221; custom_margin_tablet=&#8221;0px||||false|false&#8221; custom_margin_phone=&#8221;0px||||false|false&#8221; custom_margin_last_edited=&#8221;on|tablet&#8221; module_alignment_tablet=&#8221;right&#8221; module_alignment_phone=&#8221;right&#8221; module_alignment_last_edited=&#8221;on|tablet&#8221; global_colors_info=&#8221;{}&#8221;]<\/p>\n<p>Brunner &amp; Leiter \u00e8 l\u2019azienda leader nel settore delle opere di scavo in Alto Adige, e non a caso: \u00e8 qui che siamo nati, \u00e8 qui che abbiamo mosso i primi passi, \u00e8 qui che siamo cresciuti, come persone e come azienda. L\u2019unione vincente fra eccellenza ingegneristica, competenza umana e avanguardia tecnologica ci rende oggi un punto di riferimento anche per quelle opere che vanno oltre il semplice movimento terra.  <\/p>\n<p>[\/et_pb_text][\/et_pb_column_inner][\/et_pb_row_inner][et_pb_row_inner _builder_version=&#8221;4.27.5&#8243; _module_preset=&#8221;default&#8221; custom_padding=&#8221;||0px|||&#8221; global_colors_info=&#8221;{}&#8221;][et_pb_column_inner saved_specialty_column_type=&#8221;2_3&#8243; _builder_version=&#8221;4.27.5&#8243; _module_preset=&#8221;default&#8221; global_colors_info=&#8221;{}&#8221;][et_pb_gallery gallery_ids=&#8221;24845053,24845113,24845114,24845115,24845116&#8243; fullwidth=&#8221;on&#8221; _builder_version=&#8221;4.27.5&#8243; _module_preset=&#8221;default&#8221; width=&#8221;90%&#8221; width_tablet=&#8221;100%&#8221; width_phone=&#8221;100%&#8221; width_last_edited=&#8221;on|tablet&#8221; module_alignment=&#8221;right&#8221; module_alignment_tablet=&#8221;center&#8221; module_alignment_phone=&#8221;center&#8221; module_alignment_last_edited=&#8221;on|tablet&#8221; global_colors_info=&#8221;{}&#8221;][\/et_pb_gallery][\/et_pb_column_inner][\/et_pb_row_inner][\/et_pb_column][\/et_pb_section][et_pb_section fb_built=&#8221;1&#8243; _builder_version=&#8221;4.27.5&#8243; _module_preset=&#8221;default&#8221; custom_padding=&#8221;0px|||||&#8221; global_colors_info=&#8221;{}&#8221;][et_pb_row column_structure=&#8221;3_5,2_5&#8243; make_equal=&#8221;on&#8221; _builder_version=&#8221;4.27.5&#8243; _module_preset=&#8221;default&#8221; module_alignment=&#8221;center&#8221; custom_margin=&#8221;||||false|false&#8221; custom_padding=&#8221;0px|||||&#8221; global_colors_info=&#8221;{}&#8221;][et_pb_column type=&#8221;3_5&#8243; _builder_version=&#8221;4.27.5&#8243; _module_preset=&#8221;default&#8221; global_colors_info=&#8221;{}&#8221;][et_pb_video src=&#8221;https:\/\/cdn.muse.ai\/u\/68P41TC\/b96d69b1bbc26d0edf9830f8f2b950e4177e7c51b9ee0edb5678e9de8c06a3f7\/videos\/video.mp4&#8243; image_src=&#8221;https:\/\/www.brunner-leiter.com\/wp-content\/uploads\/2026\/01\/LMG_202505_brunner-leiter-schwertransport-Sellajoch-75.jpg&#8221; _builder_version=&#8221;4.27.5&#8243; _module_preset=&#8221;default&#8221; global_colors_info=&#8221;{}&#8221;][\/et_pb_video][\/et_pb_column][et_pb_column type=&#8221;2_5&#8243; _builder_version=&#8221;4.27.5&#8243; _module_preset=&#8221;default&#8221; custom_css_main_element=&#8221;margin: auto auto 0;&#8221; global_colors_info=&#8221;{}&#8221;][et_pb_text _builder_version=&#8221;4.27.5&#8243; _module_preset=&#8221;default&#8221; text_text_color=&#8221;#0468B4&#8243; width=&#8221;90%&#8221; width_tablet=&#8221;100%&#8221; width_phone=&#8221;100%&#8221; width_last_edited=&#8221;on|phone&#8221; custom_margin=&#8221;70px||||false|false&#8221; custom_margin_tablet=&#8221;70px||||false|false&#8221; custom_margin_phone=&#8221;0px||||false|false&#8221; custom_margin_last_edited=&#8221;on|tablet&#8221; global_colors_info=&#8221;{}&#8221;]<\/p>\n<p>Dopotutto, sono proprio le sfide a farci crescere, ed \u00e8 per questo che siamo in continuo movimento: grazie a servizi e competenze sempre nuove, possiamo offrire soluzioni edilizie e ingegneristiche complete, coordinando dalla A alla Z progetti complessi per privati, aziende e la pubblica amministrazione.   <\/p>\n<p>[\/et_pb_text][\/et_pb_column][\/et_pb_row][\/et_pb_section][et_pb_section fb_built=&#8221;1&#8243; _builder_version=&#8221;4.27.5&#8243; _module_preset=&#8221;default&#8221; custom_padding=&#8221;0px|||||&#8221; global_colors_info=&#8221;{}&#8221;][et_pb_row _builder_version=&#8221;4.27.5&#8243; _module_preset=&#8221;default&#8221; custom_padding=&#8221;||1px|||&#8221; global_colors_info=&#8221;{}&#8221;][et_pb_column type=&#8221;4_4&#8243; _builder_version=&#8221;4.27.5&#8243; _module_preset=&#8221;default&#8221; global_colors_info=&#8221;{}&#8221;][et_pb_text _builder_version=&#8221;4.27.5&#8243; _module_preset=&#8221;default&#8221; header_2_text_align=&#8221;center&#8221; header_2_font_size=&#8221;36px&#8221; header_2_line_height=&#8221;1.2em&#8221; header_5_font=&#8221;|||on|||||&#8221; header_5_text_align=&#8221;center&#8221; header_5_text_color=&#8221;#000000&#8243; header_5_font_size=&#8221;22px&#8221; header_5_line_height=&#8221;1.5em&#8221; custom_margin=&#8221;||||false|false&#8221; global_colors_info=&#8221;{}&#8221;]<\/p>\n<h5>Specialisti<\/h5>\n<h2>delle grandi sfide<\/h2>\n<p>&nbsp;<\/p>\n<p>[\/et_pb_text][\/et_pb_column][\/et_pb_row][et_pb_row column_structure=&#8221;1_2,1_2&#8243; make_equal=&#8221;on&#8221; _builder_version=&#8221;4.27.5&#8243; _module_preset=&#8221;default&#8221; custom_padding=&#8221;0px||0px|||&#8221; global_colors_info=&#8221;{}&#8221; custom_css_main_element_last_edited=&#8221;on|desktop&#8221;][et_pb_column type=&#8221;1_2&#8243; _builder_version=&#8221;4.27.5&#8243; _module_preset=&#8221;default&#8221; global_colors_info=&#8221;{}&#8221;][et_pb_blurb title=&#8221;Scavi e infrastrutture&#8221; content_max_width=&#8221;90%&#8221; _builder_version=&#8221;4.27.5&#8243; _dynamic_attributes=&#8221;link_option_url&#8221; _module_preset=&#8221;default&#8221; header_level=&#8221;h5&#8243; header_font=&#8221;|||on|||||&#8221; header_text_color=&#8221;#000000&#8243; custom_padding=&#8221;40px||40px||false|false&#8221; link_option_url=&#8221;@ET-DC@eyJkeW5hbWljIjp0cnVlLCJjb250ZW50IjoicG9zdF9saW5rX3VybF9wYWdlIiwic2V0dGluZ3MiOnsicG9zdF9pZCI6IjI0OSIsImVuYWJsZV9odG1sIjoib2ZmIn19@&#8221; border_width_bottom=&#8221;1px&#8221; border_color_bottom=&#8221;#000000&#8243; global_colors_info=&#8221;{}&#8221; background__hover_enabled=&#8221;on|desktop&#8221; background_color__hover=&#8221;#dbdbdb&#8221; background_enable_color__hover=&#8221;on&#8221;]<\/p>\n<p>Rientrano in questa categoria tutti quei lavori che interessano il suolo o il sottosuolo, dagli scavi ai grandi movimenti terra, fino alla realizzazione di strade e piste da sci. <\/p>\n<p>[\/et_pb_blurb][\/et_pb_column][et_pb_column type=&#8221;1_2&#8243; _builder_version=&#8221;4.27.5&#8243; _module_preset=&#8221;default&#8221; custom_css_main_element=&#8221;margin: auto auto 0;&#8221; global_colors_info=&#8221;{}&#8221;][et_pb_blurb title=&#8221;Soluzioni chiavi in mano&#8221; content_max_width=&#8221;90%&#8221; _builder_version=&#8221;4.27.5&#8243; _dynamic_attributes=&#8221;link_option_url&#8221; _module_preset=&#8221;default&#8221; header_level=&#8221;h5&#8243; header_font=&#8221;|||on|||||&#8221; header_text_color=&#8221;#000000&#8243; custom_padding=&#8221;40px||40px||false|false&#8221; link_option_url=&#8221;@ET-DC@eyJkeW5hbWljIjp0cnVlLCJjb250ZW50IjoicG9zdF9saW5rX3VybF9wYWdlIiwic2V0dGluZ3MiOnsicG9zdF9pZCI6IjE1NzY3MjI1IiwiZW5hYmxlX2h0bWwiOiJvZmYifX0=@&#8221; hover_enabled=&#8221;0&#8243; border_width_bottom=&#8221;1px&#8221; border_color_bottom=&#8221;#000000&#8243; global_colors_info=&#8221;{}&#8221; background__hover_enabled=&#8221;on|desktop&#8221; background_color__hover=&#8221;#dbdbdb&#8221; background_enable_color__hover=&#8221;on&#8221; sticky_enabled=&#8221;0&#8243;]Un unico interlocutore per il tuo progetto: Brunner &amp; Leiter gestisce e coordina anche le opere pi\u00f9 complesse, offrendo a clienti privati e pubblici soluzioni complete \u201cchiavi in mano\u201d.[\/et_pb_blurb][\/et_pb_column][\/et_pb_row][et_pb_row column_structure=&#8221;1_2,1_2&#8243; make_equal=&#8221;on&#8221; _builder_version=&#8221;4.27.5&#8243; _module_preset=&#8221;default&#8221; custom_padding=&#8221;0px||0px|||&#8221; global_colors_info=&#8221;{}&#8221;][et_pb_column type=&#8221;1_2&#8243; _builder_version=&#8221;4.27.5&#8243; _module_preset=&#8221;default&#8221; global_colors_info=&#8221;{}&#8221;][et_pb_blurb title=&#8221;Opere speciali nel sottosuolo&#8221; content_max_width=&#8221;90%&#8221; _builder_version=&#8221;4.27.5&#8243; _dynamic_attributes=&#8221;link_option_url&#8221; _module_preset=&#8221;default&#8221; header_level=&#8221;h5&#8243; header_font=&#8221;|||on|||||&#8221; header_text_color=&#8221;#000000&#8243; custom_padding=&#8221;40px||40px||false|false&#8221; link_option_url=&#8221;@ET-DC@eyJkeW5hbWljIjp0cnVlLCJjb250ZW50IjoicG9zdF9saW5rX3VybF9wYWdlIiwic2V0dGluZ3MiOnsicG9zdF9pZCI6IjcwMCIsImVuYWJsZV9odG1sIjoib2ZmIn19@&#8221; border_width_bottom=&#8221;1px&#8221; border_color_bottom=&#8221;#000000&#8243; global_colors_info=&#8221;{}&#8221; background__hover_enabled=&#8221;on|desktop&#8221; background_color__hover=&#8221;#dbdbdb&#8221; background_enable_color__hover=&#8221;on&#8221;]<\/p>\n<p>Si tratta di una serie di opere e interventi avanzati per la realizzazione di fondamenti particolarmente resistenti e complessi.<\/p>\n<p>[\/et_pb_blurb][\/et_pb_column][et_pb_column type=&#8221;1_2&#8243; _builder_version=&#8221;4.27.5&#8243; _module_preset=&#8221;default&#8221; custom_css_main_element=&#8221;margin: auto auto 0;&#8221; global_colors_info=&#8221;{}&#8221;][et_pb_blurb title=&#8221;Materie prime e materiali edili&#8221; content_max_width=&#8221;90%&#8221; _builder_version=&#8221;4.27.5&#8243; _dynamic_attributes=&#8221;link_option_url&#8221; _module_preset=&#8221;default&#8221; header_level=&#8221;h5&#8243; header_font=&#8221;|||on|||||&#8221; header_text_color=&#8221;#000000&#8243; custom_padding=&#8221;40px||40px||false|false&#8221; link_option_url=&#8221;@ET-DC@eyJkeW5hbWljIjp0cnVlLCJjb250ZW50IjoicG9zdF9saW5rX3VybF9wYWdlIiwic2V0dGluZ3MiOnsicG9zdF9pZCI6IjcyMyIsImVuYWJsZV9odG1sIjoib2ZmIn19@&#8221; border_width_bottom=&#8221;1px&#8221; border_color_bottom=&#8221;#000000&#8243; global_colors_info=&#8221;{}&#8221; background__hover_enabled=&#8221;on|desktop&#8221; background_color__hover=&#8221;#dbdbdb&#8221; background_enable_color__hover=&#8221;on&#8221;]<\/p>\n<p>Siamo un punto di riferimento sul territorio per la fornitura di materie prime minerali e materiali da costruzione, come massi ciclopici, ghiaia, sabbia, legna da ardere, cippato e materiali edili riciclati.<\/p>\n<p>[\/et_pb_blurb][\/et_pb_column][\/et_pb_row][et_pb_row column_structure=&#8221;1_2,1_2&#8243; make_equal=&#8221;on&#8221; _builder_version=&#8221;4.27.5&#8243; _module_preset=&#8221;default&#8221; custom_padding=&#8221;0px|||||&#8221; hover_enabled=&#8221;0&#8243; global_colors_info=&#8221;{}&#8221; sticky_enabled=&#8221;0&#8243;][et_pb_column type=&#8221;1_2&#8243; _builder_version=&#8221;4.27.5&#8243; _module_preset=&#8221;default&#8221; global_colors_info=&#8221;{}&#8221;][et_pb_blurb title=&#8221;Opere forestali e servizio di cippatura mobile&#8221; content_max_width=&#8221;90%&#8221; _builder_version=&#8221;4.27.5&#8243; _dynamic_attributes=&#8221;link_option_url&#8221; _module_preset=&#8221;default&#8221; header_level=&#8221;h5&#8243; header_font=&#8221;|||on|||||&#8221; header_text_color=&#8221;#000000&#8243; custom_padding=&#8221;40px||40px||false|false&#8221; link_option_url=&#8221;@ET-DC@eyJkeW5hbWljIjp0cnVlLCJjb250ZW50IjoicG9zdF9saW5rX3VybF9wYWdlIiwic2V0dGluZ3MiOnsicG9zdF9pZCI6IjcxMCIsImVuYWJsZV9odG1sIjoib2ZmIn19@&#8221; hover_enabled=&#8221;0&#8243; border_color_bottom=&#8221;#000000&#8243; global_colors_info=&#8221;{}&#8221; background__hover_enabled=&#8221;on|desktop&#8221; background_color__hover=&#8221;#dbdbdb&#8221; background_enable_color__hover=&#8221;on&#8221; border_width_bottom=&#8221;1px&#8221; sticky_enabled=&#8221;0&#8243;]<\/p>\n<p>B&amp;L \u00e8 al tuo fianco per ogni tipo di intervento in ambito forestale, dal taglio degli alberi al trasporto e commercio legname, fino alla cippatura mobile. <\/p>\n<p>[\/et_pb_blurb][\/et_pb_column][et_pb_column type=&#8221;1_2&#8243; _builder_version=&#8221;4.27.5&#8243; _module_preset=&#8221;default&#8221; global_colors_info=&#8221;{}&#8221;][et_pb_blurb title=&#8221;Altri servizi&#8221; content_max_width=&#8221;90%&#8221; _builder_version=&#8221;4.27.5&#8243; _dynamic_attributes=&#8221;link_option_url&#8221; _module_preset=&#8221;default&#8221; header_level=&#8221;h5&#8243; header_font=&#8221;|||on|||||&#8221; header_text_color=&#8221;#000000&#8243; custom_padding=&#8221;40px||40px||false|false&#8221; link_option_url=&#8221;@ET-DC@eyJkeW5hbWljIjp0cnVlLCJjb250ZW50IjoicG9zdF9saW5rX3VybF9wYWdlIiwic2V0dGluZ3MiOnsicG9zdF9pZCI6Ijc3NyIsImVuYWJsZV9odG1sIjoib2ZmIn19@&#8221; hover_enabled=&#8221;0&#8243; border_color_bottom=&#8221;#000000&#8243; global_colors_info=&#8221;{}&#8221; background__hover_enabled=&#8221;on|desktop&#8221; background_color__hover=&#8221;#dbdbdb&#8221; background_enable_color__hover=&#8221;on&#8221; sticky_enabled=&#8221;0&#8243; border_width_bottom=&#8221;1px&#8221;]<\/p>\n<p>Un\u2019azienda, infinite soluzioni! Non solo scavi: offriamo una serie di servizi aggiuntivi che ci rendono il partner perfetto per ogni tuo progetto, anche nel settore edile.<\/p>\n<p>[\/et_pb_blurb][\/et_pb_column][\/et_pb_row][et_pb_row column_structure=&#8221;1_2,1_2&#8243; make_equal=&#8221;on&#8221; _builder_version=&#8221;4.27.5&#8243; _module_preset=&#8221;default&#8221; custom_padding=&#8221;0px|||||&#8221; global_colors_info=&#8221;{}&#8221;][et_pb_column type=&#8221;1_2&#8243; _builder_version=&#8221;4.27.5&#8243; _module_preset=&#8221;default&#8221; global_colors_info=&#8221;{}&#8221;][et_pb_blurb title=&#8221;Trasporti&#8221; content_max_width=&#8221;90%&#8221; _builder_version=&#8221;4.27.5&#8243; _dynamic_attributes=&#8221;link_option_url&#8221; _module_preset=&#8221;default&#8221; header_level=&#8221;h5&#8243; header_font=&#8221;|||on|||||&#8221; header_text_color=&#8221;#000000&#8243; custom_padding=&#8221;40px||40px||false|false&#8221; link_option_url=&#8221;@ET-DC@eyJkeW5hbWljIjp0cnVlLCJjb250ZW50IjoicG9zdF9saW5rX3VybF9wYWdlIiwic2V0dGluZ3MiOnsicG9zdF9pZCI6Ijc0MCIsImVuYWJsZV9odG1sIjoib2ZmIn19@&#8221; hover_enabled=&#8221;0&#8243; border_color_bottom=&#8221;#000000&#8243; global_colors_info=&#8221;{}&#8221; background__hover_enabled=&#8221;on|desktop&#8221; background_color__hover=&#8221;#dbdbdb&#8221; background_enable_color__hover=&#8221;on&#8221; sticky_enabled=&#8221;0&#8243;]<\/p>\n<p>Il mezzo giusto per ogni esigenza: disponiamo di tutti i veicoli, le attrezzature e le licenze necessarie per gestire ogni tipo di trasporto, anche quelli pi\u00f9 complessi. <\/p>\n<p>[\/et_pb_blurb][\/et_pb_column][et_pb_column type=&#8221;1_2&#8243; _builder_version=&#8221;4.27.5&#8243; _module_preset=&#8221;default&#8221; global_colors_info=&#8221;{}&#8221;][\/et_pb_column][\/et_pb_row][\/et_pb_section][et_pb_section fb_built=&#8221;1&#8243; _builder_version=&#8221;4.27.5&#8243; _module_preset=&#8221;default&#8221; use_background_color_gradient=&#8221;on&#8221; background_color_gradient_direction=&#8221;90deg&#8221; background_color_gradient_stops=&#8221;rgba(255,255,255,0.7) 50%|rgba(41,196,169,0) 50%&#8221; background_color_gradient_overlays_image=&#8221;on&#8221; background_image=&#8221;https:\/\/www.brunner-leiter.com\/wp-content\/uploads\/2026\/01\/brunner-leiter-leistungen-mission-bg.jpg&#8221; parallax=&#8221;on&#8221; parallax_method=&#8221;off&#8221; background_last_edited=&#8221;on|tablet&#8221; background_enable_color_tablet=&#8221;off&#8221; parallax_tablet=&#8221;on&#8221; parallax_method_tablet=&#8221;on&#8221; background_enable_pattern_style_tablet=&#8221;off&#8221; background_enable_mask_style_tablet=&#8221;off&#8221; global_colors_info=&#8221;{}&#8221;][et_pb_row column_structure=&#8221;1_2,1_2&#8243; _builder_version=&#8221;4.27.5&#8243; _module_preset=&#8221;default&#8221; global_colors_info=&#8221;{}&#8221;][et_pb_column type=&#8221;1_2&#8243; _builder_version=&#8221;4.27.5&#8243; _module_preset=&#8221;default&#8221; global_colors_info=&#8221;{}&#8221;][et_pb_text _builder_version=&#8221;4.27.5&#8243; _module_preset=&#8221;default&#8221; text_text_color=&#8221;#000000&#8243; header_2_text_align=&#8221;center&#8221; header_2_font_size=&#8221;36px&#8221; header_5_font=&#8221;|||on|||||&#8221; header_5_text_align=&#8221;center&#8221; header_5_text_color=&#8221;#000000&#8243; header_5_font_size=&#8221;22px&#8221; header_5_line_height=&#8221;1.5em&#8221; width=&#8221;80%&#8221; module_alignment=&#8221;left&#8221; custom_margin=&#8221;||||false|false&#8221; global_colors_info=&#8221;{}&#8221;]<\/p>\n<h5>L\u2019azienda<\/h5>\n<h2>Missione e visione<\/h2>\n<p>&nbsp;<\/p>\n<p>Dall\u2019Alto Adige al mondo. La nostra storia inizia in piccolo, nel 1975, ma cresce nel tempo: quella che \u00e8 nata come piccola ditta di scavi in Val di Tures e Aurina \u00e8 diventata oggi un\u2019azienda leader in Alto Adige, con una presenza che supera i confini nazionali. Una storia vissuta, che riflette il nostro impegno: spostare le montagne, per aprire la strada al futuro.   <\/p>\n<p>[\/et_pb_text][et_pb_button button_url=&#8221;@ET-DC@eyJkeW5hbWljIjp0cnVlLCJjb250ZW50IjoicG9zdF9saW5rX3VybF9wYWdlIiwic2V0dGluZ3MiOnsicG9zdF9pZCI6Ijg5MyIsImVuYWJsZV9odG1sIjoib2ZmIn19@&#8221; button_text=&#8221;scopri di pi\u00f9&#8221; _builder_version=&#8221;4.27.5&#8243; _dynamic_attributes=&#8221;button_url&#8221; _module_preset=&#8221;default&#8221; custom_margin=&#8221;40px||||false|false&#8221; global_colors_info=&#8221;{}&#8221;][\/et_pb_button][\/et_pb_column][et_pb_column type=&#8221;1_2&#8243; _builder_version=&#8221;4.27.5&#8243; _module_preset=&#8221;default&#8221; global_colors_info=&#8221;{}&#8221;][\/et_pb_column][\/et_pb_row][\/et_pb_section]<\/p>\n","protected":false},"excerpt":{"rendered":"<p>Servizi Eccellenza in movimento &nbsp;Brunner &amp; Leiter \u00e8 l\u2019azienda leader nel settore delle opere di scavo in Alto Adige, e non a caso: \u00e8 qui che siamo nati, \u00e8 qui che abbiamo mosso i primi passi, \u00e8 qui che siamo cresciuti, come persone e come azienda. L\u2019unione vincente fra eccellenza ingegneristica, competenza umana e avanguardia [&hellip;]<\/p>\n","protected":false},"author":1,"featured_media":0,"parent":0,"menu_order":40,"comment_status":"closed","ping_status":"closed","template":"","meta":{"_et_pb_use_builder":"on","_et_pb_old_content":"","_et_gb_content_width":"","footnotes":""},"dipi_cpt_category":[],"class_list":["post-24845147","page","type-page","status-publish","hentry"],"_links":{"self":[{"href":"https:\/\/www.brunner-leiter.com\/it\/wp-json\/wp\/v2\/pages\/24845147","targetHints":{"allow":["GET"]}}],"collection":[{"href":"https:\/\/www.brunner-leiter.com\/it\/wp-json\/wp\/v2\/pages"}],"about":[{"href":"https:\/\/www.brunner-leiter.com\/it\/wp-json\/wp\/v2\/types\/page"}],"author":[{"embeddable":true,"href":"https:\/\/www.brunner-leiter.com\/it\/wp-json\/wp\/v2\/users\/1"}],"replies":[{"embeddable":true,"href":"https:\/\/www.brunner-leiter.com\/it\/wp-json\/wp\/v2\/comments?post=24845147"}],"version-history":[{"count":7,"href":"https:\/\/www.brunner-leiter.com\/it\/wp-json\/wp\/v2\/pages\/24845147\/revisions"}],"predecessor-version":[{"id":24845557,"href":"https:\/\/www.brunner-leiter.com\/it\/wp-json\/wp\/v2\/pages\/24845147\/revisions\/24845557"}],"wp:attachment":[{"href":"https:\/\/www.brunner-leiter.com\/it\/wp-json\/wp\/v2\/media?parent=24845147"}],"wp:term":[{"taxonomy":"dipi_cpt_category","embeddable":true,"href":"https:\/\/www.brunner-leiter.com\/it\/wp-json\/wp\/v2\/dipi_cpt_category?post=24845147"}],"curies":[{"name":"wp","href":"https:\/\/api.w.org\/{rel}","templated":true}]}}