{"id":24845259,"date":"2025-11-24T14:33:14","date_gmt":"2025-11-24T13:33:14","guid":{"rendered":"https:\/\/www.brunner-leiter.com\/servizi\/trasporti\/"},"modified":"2026-02-24T11:14:05","modified_gmt":"2026-02-24T10:14:05","slug":"trasporti","status":"publish","type":"page","link":"https:\/\/www.brunner-leiter.com\/it\/servizi\/trasporti\/","title":{"rendered":"Trasporti"},"content":{"rendered":"<p>[et_pb_section fb_built=&#8221;1&#8243; fullwidth=&#8221;on&#8221; admin_label=&#8221;Header Slider&#8221; _builder_version=&#8221;4.27.5&#8243; _module_preset=&#8221;default&#8221; global_colors_info=&#8221;{}&#8221;][et_pb_fullwidth_slider _builder_version=&#8221;4.27.5&#8243; _module_preset=&#8221;default&#8221; body_text_color=&#8221;#D6D6D6&#8243; min_height=&#8221;60vh&#8221; custom_padding=&#8221;||||false|false&#8221; custom_padding_tablet=&#8221;||283px|||&#8221; custom_padding_phone=&#8221;||0px||false|false&#8221; custom_padding_last_edited=&#8221;on|desktop&#8221; hover_enabled=&#8221;0&#8243; global_colors_info=&#8221;{}&#8221; custom_margin=&#8221;-80px||||false|false&#8221; custom_margin_last_edited=&#8221;on|tablet&#8221; sticky_enabled=&#8221;0&#8243; custom_margin_tablet=&#8221;0px||||false|false&#8221; custom_margin_phone=&#8221;0px||||false|false&#8221;][et_pb_slide heading=&#8221;Trasporti&#8221; use_bg_overlay=&#8221;on&#8221; _builder_version=&#8221;4.27.5&#8243; _module_preset=&#8221;default&#8221; header_level=&#8221;h2&#8243; header_font=&#8221;|&#8211;et_global_heading_font_weight|||||||&#8221; header_text_color=&#8221;#D6D6D6&#8243; header_font_size=&#8221;53px&#8221; background_image=&#8221;https:\/\/www.brunner-leiter.com\/wp-content\/uploads\/2026\/01\/LMG_2024-05_brunner-leiter-schwertransport-87_2.jpg&#8221; background_enable_image=&#8221;on&#8221; background_video_mp4=&#8221;https:\/\/cdn.muse.ai\/u\/68P41TC\/50d0d45e2ee90248486c45ff22f9f77571f8250ee915f5f5ef228fe44e5dbe61\/videos\/video-1080p.mp4&#8243; background_enable_video_mp4=&#8221;on&#8221; header_text_shadow_style=&#8221;preset5&#8243; header_text_shadow_horizontal_length=&#8221;0.06em&#8221; header_text_shadow_vertical_length=&#8221;0.06em&#8221; global_colors_info=&#8221;{}&#8221; sticky_transition=&#8221;on&#8221;]<\/p>\n<p>Servizi<\/p>\n<p>[\/et_pb_slide][\/et_pb_fullwidth_slider][\/et_pb_section][et_pb_section fb_built=&#8221;1&#8243; admin_label=&#8221;Navi Leistungen&#8221; _builder_version=&#8221;4.27.5&#8243; _module_preset=&#8221;default&#8221; background_color=&#8221;rgba(4,104,180,0.75)&#8221; max_width=&#8221;100%&#8221; overflow-x=&#8221;hidden&#8221; custom_margin=&#8221;-80px||0px||false|false&#8221; custom_margin_tablet=&#8221;-160px||||false|false&#8221; custom_margin_phone=&#8221;-60px||||false|false&#8221; custom_margin_last_edited=&#8221;on|phone&#8221; custom_padding=&#8221;0px||0px||false|false&#8221; sticky_position=&#8221;top&#8221; sticky_offset_top=&#8221;64px&#8221; sticky_offset_top_tablet=&#8221;62px&#8221; sticky_offset_top_phone=&#8221;60px&#8221; sticky_offset_top_last_edited=&#8221;on|phone&#8221; global_module=&#8221;1276&#8243; saved_tabs=&#8221;all&#8221; global_colors_info=&#8221;{}&#8221;][et_pb_row make_equal=&#8221;on&#8221; _builder_version=&#8221;4.27.5&#8243; _module_preset=&#8221;default&#8221; width=&#8221;100%&#8221; max_width=&#8221;100%&#8221; overflow-x=&#8221;hidden&#8221; custom_padding=&#8221;0px||0px||false|false&#8221; global_colors_info=&#8221;{}&#8221;][et_pb_column type=&#8221;4_4&#8243; _builder_version=&#8221;4.27.5&#8243; _module_preset=&#8221;default&#8221; custom_css_main_element=&#8221;overflow-x: scroll;||overflow-y: hidden;||display: grid;||grid-template-columns: repeat(1, 100%);&#8221; global_colors_info=&#8221;{}&#8221;][et_pb_divimenus_flex menu_button_content=&#8221;text&#8221; menu_button_text=&#8221;Servizi &#8221; hide_button=&#8221;on&#8221; alignment=&#8221;center&#8221; cross_axis_alignment=&#8221;flex-end&#8221; menu_button_background_color=&#8221;RGBA(255,255,255,0)&#8221; menu_item_background_color=&#8221;RGBA(255,255,255,0)&#8221; h_gap=&#8221;0px&#8221; menu_item_padding=&#8221;30px|20px|30px|20px|false|false&#8221; direction_tablet=&#8221;&#8221; direction_phone=&#8221;column&#8221; direction_last_edited=&#8221;on|phone&#8221; show_open_tablet=&#8221;&#8221; show_open_phone=&#8221;off&#8221; show_open_last_edited=&#8221;on|phone&#8221; hide_button_tablet=&#8221;&#8221; hide_button_phone=&#8221;off&#8221; hide_button_last_edited=&#8221;on|desktop&#8221; menu_button_background_color_tablet=&#8221;&#8221; menu_button_background_color_phone=&#8221;&#8221; menu_button_background_color_last_edited=&#8221;on|desktop&#8221; menu_button_icon_color_tablet=&#8221;&#8221; menu_button_icon_color_phone=&#8221;&#8221; menu_button_icon_color_last_edited=&#8221;on|desktop&#8221; menu_item_background_color_tablet=&#8221;&#8221; menu_item_background_color_phone=&#8221;&#8221; menu_item_background_color_last_edited=&#8221;on|phone&#8221; menu_button_margin_tablet=&#8221;&#8221; menu_button_margin_phone=&#8221;10px||||false|false&#8221; menu_button_margin_last_edited=&#8221;on|phone&#8221; menu_button_padding_tablet=&#8221;&#8221; menu_button_padding_phone=&#8221;||||false|false&#8221; menu_button_padding_last_edited=&#8221;on|phone&#8221; menu_item_padding_tablet=&#8221;&#8221; menu_item_padding_phone=&#8221;10px||10px||true|false&#8221; menu_item_padding_last_edited=&#8221;on|phone&#8221; module_class=&#8221;bl-horizontal-scroll-menu&#8221; _builder_version=&#8221;4.27.5&#8243; _module_preset=&#8221;default&#8221; menu_button_font=&#8221;|600|||||||&#8221; menu_item_font=&#8221;||||||||&#8221; menu_item_text_color=&#8221;#FFFFFF&#8221; transform_translate_linked=&#8221;off&#8221; max_width=&#8221;100%&#8221; min_height_tablet=&#8221;&#8221; min_height_phone=&#8221;60px&#8221; min_height_last_edited=&#8221;on|phone&#8221; height_tablet=&#8221;&#8221; height_phone=&#8221;&#8221; height_last_edited=&#8221;on|phone&#8221; overflow-x=&#8221;hidden&#8221; custom_margin=&#8221;0px||0px||false|false&#8221; custom_padding=&#8221;0px||0px||false|false&#8221; menu_item_text_color_last_edited=&#8221;off|desktop&#8221; menu_item_font_size_tablet=&#8221;&#8221; menu_item_font_size_phone=&#8221;18px&#8221; menu_item_font_size_last_edited=&#8221;on|phone&#8221; custom_css_main_element=&#8221;\/* Cut top-left corner by 20px *\/||clip-path: polygon(20px 0, 100% 0, 100% 100%, 0 100%, 0 20px);&#8221; border_color_all_menu_item=&#8221;#FFFFFF&#8221; border_width_all_menu_item_tablet=&#8221;&#8221; border_width_all_menu_item_phone=&#8221;0px&#8221; border_width_all_menu_item_last_edited=&#8221;on|phone&#8221; border_width_bottom_menu_item_tablet=&#8221;&#8221; border_width_bottom_menu_item_phone=&#8221;1px&#8221; border_width_bottom_menu_item_last_edited=&#8221;on|phone&#8221; global_colors_info=&#8221;{}&#8221; menu_button_background_color__hover_enabled=&#8221;on|hover&#8221; menu_button_background_color__hover=&#8221;RGBA(255,255,255,0)&#8221; menu_item_background_color__hover_enabled=&#8221;on|hover&#8221; menu_item_background_color__hover=&#8221;#FFFFFF&#8221; menu_item_text_color__hover_enabled=&#8221;on|hover&#8221; menu_item_text_color__hover=&#8221;#0468B4&#8243; menu_item_font_size__hover_enabled=&#8221;on|hover&#8221; menu_item_font_size__hover=&#8221;20px&#8221; menu_item_padding__sticky_enabled=&#8221;on|sticky&#8221; transform_styles__hover_enabled=&#8221;on|hover&#8221; transform_scale__hover_enabled=&#8221;on|hover&#8221; transform_translate__hover_enabled=&#8221;on|hover&#8221; transform_rotate__hover_enabled=&#8221;on|desktop&#8221; transform_skew__hover_enabled=&#8221;on|desktop&#8221; transform_origin__hover_enabled=&#8221;on|desktop&#8221; transform_translate__hover=&#8221;0px|0px&#8221; menu_item_padding__sticky=&#8221;15px||15px||false|false&#8221; border_radii_menu_item__hover_enabled=&#8221;on|hover&#8221; border_radii_menu_item__hover=&#8221;off||||&#8221; menu_button_icon_color__hover_enabled=&#8221;on|hover&#8221; custom_css_main_element_last_edited=&#8221;on|phone&#8221; custom_css_main_element_phone=&#8221;clip-path: none!important;&#8221; custom_css_main_element_tablet=&#8221;\/* Cut top-left corner by 20px *\/||clip-path: polygon(20px 0, 100% 0, 100% 100%, 0 100%, 0 20px);&#8221;][et_pb_divimenus_flex_item title=&#8221;Scavi e infrastrutture&#8221; url=&#8221;@ET-DC@eyJkeW5hbWljIjp0cnVlLCJjb250ZW50IjoicG9zdF9saW5rX3VybF9wYWdlIiwic2V0dGluZ3MiOnsicG9zdF9pZCI6IjI0OSJ9fQ==@&#8221; active_url=&#8221;on&#8221; _builder_version=&#8221;4.27.5&#8243; _dynamic_attributes=&#8221;url&#8221; _module_preset=&#8221;default&#8221; global_colors_info=&#8221;{}&#8221; transform_styles__hover_enabled=&#8221;on|hover&#8221; transform_scale__hover_enabled=&#8221;on|desktop&#8221; transform_translate__hover_enabled=&#8221;on|desktop&#8221; transform_rotate__hover_enabled=&#8221;on|desktop&#8221; transform_skew__hover_enabled=&#8221;on|hover&#8221; transform_origin__hover_enabled=&#8221;on|desktop&#8221; direction_last_edited=&#8221;on|phone&#8221; direction_phone=&#8221;column&#8221; direction_tablet=&#8221;&#8221; direction=&#8221;row&#8221; force_fullwidth=&#8221;off&#8221;][\/et_pb_divimenus_flex_item][et_pb_divimenus_flex_item title=&#8221;Soluzioni chiavi in mano&#8221; url=&#8221;@ET-DC@eyJkeW5hbWljIjp0cnVlLCJjb250ZW50IjoicG9zdF9saW5rX3VybF9wYWdlIiwic2V0dGluZ3MiOnsicG9zdF9pZCI6IjE1NzY3MjI1In19@&#8221; active_url=&#8221;on&#8221; _builder_version=&#8221;4.27.5&#8243; _dynamic_attributes=&#8221;url&#8221; _module_preset=&#8221;default&#8221; global_colors_info=&#8221;{}&#8221; direction_last_edited=&#8221;on|phone&#8221; direction_phone=&#8221;column&#8221; direction_tablet=&#8221;&#8221; direction=&#8221;row&#8221; force_fullwidth=&#8221;off&#8221;][\/et_pb_divimenus_flex_item][et_pb_divimenus_flex_item title=&#8221;Opere forestali e servizio di cippatura mobile&#8221; url=&#8221;@ET-DC@eyJkeW5hbWljIjp0cnVlLCJjb250ZW50IjoicG9zdF9saW5rX3VybF9wYWdlIiwic2V0dGluZ3MiOnsicG9zdF9pZCI6IjcxMCJ9fQ==@&#8221; active_url=&#8221;on&#8221; _builder_version=&#8221;4.27.5&#8243; _dynamic_attributes=&#8221;url&#8221; _module_preset=&#8221;default&#8221; global_colors_info=&#8221;{}&#8221; direction_last_edited=&#8221;on|phone&#8221; direction_phone=&#8221;column&#8221; direction_tablet=&#8221;&#8221; direction=&#8221;row&#8221; force_fullwidth=&#8221;off&#8221;][\/et_pb_divimenus_flex_item][et_pb_divimenus_flex_item title=&#8221;Materie prime e materiali edili&#8221; url=&#8221;@ET-DC@eyJkeW5hbWljIjp0cnVlLCJjb250ZW50IjoicG9zdF9saW5rX3VybF9wYWdlIiwic2V0dGluZ3MiOnsicG9zdF9pZCI6IjcyMyJ9fQ==@&#8221; active_url=&#8221;on&#8221; _builder_version=&#8221;4.27.5&#8243; _dynamic_attributes=&#8221;url&#8221; _module_preset=&#8221;default&#8221; global_colors_info=&#8221;{}&#8221; direction_last_edited=&#8221;on|phone&#8221; direction_phone=&#8221;column&#8221; direction_tablet=&#8221;&#8221; direction=&#8221;row&#8221; force_fullwidth=&#8221;off&#8221;][\/et_pb_divimenus_flex_item][et_pb_divimenus_flex_item title=&#8221;Trasporti&#8221; url=&#8221;@ET-DC@eyJkeW5hbWljIjp0cnVlLCJjb250ZW50IjoicG9zdF9saW5rX3VybF9wYWdlIiwic2V0dGluZ3MiOnsicG9zdF9pZCI6Ijc0MCJ9fQ==@&#8221; active_url=&#8221;on&#8221; _builder_version=&#8221;4.27.5&#8243; _dynamic_attributes=&#8221;url&#8221; _module_preset=&#8221;default&#8221; global_colors_info=&#8221;{}&#8221; direction_last_edited=&#8221;on|phone&#8221; direction_phone=&#8221;column&#8221; direction_tablet=&#8221;&#8221; direction=&#8221;row&#8221; force_fullwidth=&#8221;off&#8221;][\/et_pb_divimenus_flex_item][et_pb_divimenus_flex_item title=&#8221;Opere speciali nel sottosuolo&#8221; url=&#8221;@ET-DC@eyJkeW5hbWljIjp0cnVlLCJjb250ZW50IjoicG9zdF9saW5rX3VybF9wYWdlIiwic2V0dGluZ3MiOnsicG9zdF9pZCI6IjcwMCJ9fQ==@&#8221; active_url=&#8221;on&#8221; _builder_version=&#8221;4.27.5&#8243; _dynamic_attributes=&#8221;url&#8221; _module_preset=&#8221;default&#8221; global_colors_info=&#8221;{}&#8221; direction_last_edited=&#8221;on|phone&#8221; direction_phone=&#8221;column&#8221; direction_tablet=&#8221;&#8221; direction=&#8221;row&#8221; force_fullwidth=&#8221;off&#8221;][\/et_pb_divimenus_flex_item][et_pb_divimenus_flex_item title=&#8221;Altri servizi&#8221; url=&#8221;@ET-DC@eyJkeW5hbWljIjp0cnVlLCJjb250ZW50IjoicG9zdF9saW5rX3VybF9wYWdlIiwic2V0dGluZ3MiOnsicG9zdF9pZCI6Ijc3NyJ9fQ==@&#8221; active_url=&#8221;on&#8221; _builder_version=&#8221;4.27.5&#8243; _dynamic_attributes=&#8221;url&#8221; _module_preset=&#8221;default&#8221; global_colors_info=&#8221;{}&#8221; direction_last_edited=&#8221;on|phone&#8221; direction_phone=&#8221;column&#8221; direction_tablet=&#8221;&#8221; direction=&#8221;row&#8221; force_fullwidth=&#8221;off&#8221;][\/et_pb_divimenus_flex_item][\/et_pb_divimenus_flex][\/et_pb_column][\/et_pb_row][\/et_pb_section][et_pb_section fb_built=&#8221;1&#8243; use_custom_gutter=&#8221;on&#8221; gutter_width=&#8221;3&#8243; specialty=&#8221;on&#8221; admin_label=&#8221;Leistungen mit Gallerie&#8221; _builder_version=&#8221;4.27.5&#8243; _module_preset=&#8221;default&#8221; module_alignment=&#8221;left&#8221; inner_width=&#8221;90vw&#8221; inner_width_tablet=&#8221;90%&#8221; inner_width_phone=&#8221;90%&#8221; inner_width_last_edited=&#8221;on|tablet&#8221; inner_max_width=&#8221;2560px&#8221; inner_module_alignment=&#8221;left&#8221; custom_padding=&#8221;0px||2px|||&#8221; hover_enabled=&#8221;0&#8243; inner_module_alignment_tablet=&#8221;center&#8221; inner_module_alignment_phone=&#8221;center&#8221; inner_module_alignment_last_edited=&#8221;on|tablet&#8221; global_colors_info=&#8221;{}&#8221; custom_margin=&#8221;||||false|false&#8221; sticky_enabled=&#8221;0&#8243;][et_pb_column type=&#8221;2_3&#8243; specialty_columns=&#8221;2&#8243; _builder_version=&#8221;4.16&#8243; custom_padding=&#8221;|||&#8221; global_colors_info=&#8221;{}&#8221; custom_padding__hover=&#8221;|||&#8221;][et_pb_row_inner _builder_version=&#8221;4.27.5&#8243; _module_preset=&#8221;default&#8221; hover_enabled=&#8221;0&#8243; global_colors_info=&#8221;{}&#8221; custom_margin=&#8221;||||false|false&#8221; sticky_enabled=&#8221;0&#8243;][et_pb_column_inner saved_specialty_column_type=&#8221;2_3&#8243; _builder_version=&#8221;4.27.5&#8243; _module_preset=&#8221;default&#8221; global_colors_info=&#8221;{}&#8221;][et_pb_text _builder_version=&#8221;4.27.5&#8243; _module_preset=&#8221;default&#8221; text_text_color=&#8221;#000000&#8243; width_tablet=&#8221;90%&#8221; width_phone=&#8221;90%&#8221; width_last_edited=&#8221;on|phone&#8221; max_width=&#8221;750px&#8221; max_width_tablet=&#8221;750px&#8221; max_width_phone=&#8221;750px&#8221; max_width_last_edited=&#8221;on|desktop&#8221; custom_margin=&#8221;0px|||10vw|false|false&#8221; custom_margin_tablet=&#8221;40px|||40px|false|false&#8221; custom_margin_phone=&#8221;0px||||false|false&#8221; custom_margin_last_edited=&#8221;on|tablet&#8221; global_colors_info=&#8221;{}&#8221;]<\/p>\n<p>Il mezzo giusto per ogni esigenza: la nostra flotta dispone di tutti i veicoli, le attrezzature, le licenze e le autorizzazioni necessarie per gestire ogni tipo di trasporto e carico, dai rifiuti edili, passando per i reflui agricoli sino ai carichi eccezionali con scorta.<\/p>\n<p>[\/et_pb_text][\/et_pb_column_inner][\/et_pb_row_inner][et_pb_row_inner _builder_version=&#8221;4.27.5&#8243; _module_preset=&#8221;default&#8221; module_alignment=&#8221;left&#8221; custom_padding=&#8221;||26px|||&#8221; global_colors_info=&#8221;{}&#8221;][et_pb_column_inner saved_specialty_column_type=&#8221;2_3&#8243; _builder_version=&#8221;4.27.5&#8243; _module_preset=&#8221;default&#8221; custom_css_main_element=&#8221;overflow-x: scroll;||overflow-y: hidden;||display: grid;||grid-template-columns: repeat(5, 40%);&#8221; global_colors_info=&#8221;{}&#8221; custom_css_main_element_last_edited=&#8221;on|tablet&#8221; custom_css_main_element_tablet=&#8221;overflow-x: scroll;||overflow-y: hidden;||display: grid;||grid-template-columns: repeat(5, 60%);&#8221; custom_css_main_element_phone=&#8221;overflow-x: scroll;||overflow-y: hidden;||display: grid;||grid-template-columns: repeat(5, 60%);&#8221;][et_pb_image src=&#8221;https:\/\/www.brunner-leiter.com\/wp-content\/uploads\/2026\/01\/LMG_2024-05_brunner-leiter-schwertransport-52.jpg&#8221; title_text=&#8221;LMG_2024-05_brunner-leiter-schwertransport-52&#8243; show_in_lightbox=&#8221;on&#8221; _builder_version=&#8221;4.27.5&#8243; _module_preset=&#8221;default&#8221; width=&#8221;95%&#8221; module_alignment=&#8221;center&#8221; global_colors_info=&#8221;{}&#8221;][\/et_pb_image][et_pb_image src=&#8221;https:\/\/www.brunner-leiter.com\/wp-content\/uploads\/2026\/01\/LMG_2024-05_brunner-leiter-schwertransport-14.jpg&#8221; title_text=&#8221;LMG_2024-05_brunner-leiter-schwertransport-14&#8243; show_in_lightbox=&#8221;on&#8221; _builder_version=&#8221;4.27.5&#8243; _module_preset=&#8221;default&#8221; width=&#8221;95%&#8221; module_alignment=&#8221;center&#8221; custom_margin=&#8221;|4px||||&#8221; global_colors_info=&#8221;{}&#8221;][\/et_pb_image][et_pb_image src=&#8221;https:\/\/www.brunner-leiter.com\/wp-content\/uploads\/2026\/01\/LMG_2024-05_brunner-leiter-schwertransport-29-1.jpg&#8221; title_text=&#8221;LMG_2024-05_brunner-leiter-schwertransport-29&#8243; show_in_lightbox=&#8221;on&#8221; _builder_version=&#8221;4.27.5&#8243; _module_preset=&#8221;default&#8221; width=&#8221;95%&#8221; module_alignment=&#8221;center&#8221; global_colors_info=&#8221;{}&#8221;][\/et_pb_image][et_pb_image src=&#8221;https:\/\/www.brunner-leiter.com\/wp-content\/uploads\/2026\/01\/brunner-leiter-home-projekte-5.jpg&#8221; title_text=&#8221;brunner-leiter-home-projekte-5&#8243; show_in_lightbox=&#8221;on&#8221; _builder_version=&#8221;4.27.5&#8243; _module_preset=&#8221;default&#8221; width=&#8221;95%&#8221; module_alignment=&#8221;center&#8221; global_colors_info=&#8221;{}&#8221;][\/et_pb_image][et_pb_image src=&#8221;https:\/\/www.brunner-leiter.com\/wp-content\/uploads\/2026\/01\/LMG_2024-05_brunner-leiter-schwertransport-42.jpg&#8221; title_text=&#8221;LMG_2024-05_brunner-leiter-schwertransport-42&#8243; show_in_lightbox=&#8221;on&#8221; _builder_version=&#8221;4.27.5&#8243; _module_preset=&#8221;default&#8221; width=&#8221;95%&#8221; module_alignment=&#8221;center&#8221; global_colors_info=&#8221;{}&#8221;][\/et_pb_image][\/et_pb_column_inner][\/et_pb_row_inner][\/et_pb_column][et_pb_column type=&#8221;1_3&#8243; _builder_version=&#8221;4.16&#8243; custom_padding=&#8221;|||&#8221; global_colors_info=&#8221;{}&#8221; custom_padding__hover=&#8221;|||&#8221;][et_pb_text _builder_version=&#8221;4.27.5&#8243; _module_preset=&#8221;default&#8221; header_2_text_align=&#8221;left&#8221; header_2_font_size=&#8221;36px&#8221; header_2_line_height=&#8221;1.2em&#8221; header_5_font=&#8221;|||on|||||&#8221; header_5_text_align=&#8221;center&#8221; header_5_text_color=&#8221;#000000&#8243; header_5_font_size=&#8221;22px&#8221; header_5_line_height=&#8221;1.5em&#8221; custom_margin=&#8221;||-3px||false|false&#8221; custom_padding=&#8221;0px||||false|false&#8221; global_colors_info=&#8221;{}&#8221;]<\/p>\n<h2>I servizi<\/h2>\n<p>&nbsp;<\/p>\n<p>[\/et_pb_text][et_pb_accordion open_toggle_text_color=&#8221;#000000&#8243; open_toggle_background_color=&#8221;#ededed&#8221; closed_toggle_text_color=&#8221;#000000&#8243; closed_toggle_background_color=&#8221;#FFFFFF&#8221; toggle_icon=&#8221;&#x33;||divi||400&#8243; icon_color=&#8221;#000000&#8243; use_icon_font_size=&#8221;on&#8221; icon_font_size=&#8221;26px&#8221; _builder_version=&#8221;4.27.5&#8243; _module_preset=&#8221;default&#8221; toggle_font_size=&#8221;19px&#8221; custom_margin=&#8221;||||false|false&#8221; custom_padding=&#8221;||||false|false&#8221; hover_transition_duration=&#8221;200ms&#8221; custom_css_toggle=&#8221;margin-bottom: 0 !important;&#8221; border_width_all=&#8221;0px&#8221; border_color_all=&#8221;#000000&#8243; border_width_bottom=&#8221;1px&#8221; global_colors_info=&#8221;{}&#8221;][et_pb_accordion_item title=&#8221;Trasporto di materiali e\/o rifiuti edili&#8221; open=&#8221;on&#8221; _builder_version=&#8221;4.27.5&#8243; _module_preset=&#8221;default&#8221; global_colors_info=&#8221;{}&#8221;]<\/p>\n<p>Macerie, pietre o materiali edili che siano, ci occupiamo noi del trasporto garantendo massima sicurezza e affidabilit\u00e0. Ogni spostamento \u00e8 pianificato in stretta collaborazione con la direzione lavori, garantendo tempistiche certe e continuit\u00e0 operativa in cantiere.<\/p>\n<p>[\/et_pb_accordion_item][et_pb_accordion_item title=&#8221;Logistica agricola e forestale&#8221; _builder_version=&#8221;4.27.5&#8243; _module_preset=&#8221;default&#8221; global_colors_info=&#8221;{}&#8221; open=&#8221;off&#8221;]<\/p>\n<p>Siamo specializzati nel trasporto di scarti agricoli, materie prime e materiali biologici, come liquami zootecnici, legname e neve, gestito con efficienza anche su terreno impervio o di difficile accesso grazie a un parco mezzi di ultima generazione.<\/p>\n<p>[\/et_pb_accordion_item][et_pb_accordion_item title=&#8221;Trasporti eccezionali e di macchine operatrici&#8221; _builder_version=&#8221;4.27.5&#8243; _module_preset=&#8221;default&#8221; global_colors_info=&#8221;{}&#8221; open=&#8221;off&#8221;]<\/p>\n<p>Il trasporto di macchine da cantiere o carichi eccezionali richiede precisione, esperienza e know-how assoluto, nonch\u00e9 massima attenzione alla sicurezza: eseguiamo ogni trasporto in modo affidabile e nel rispetto di tutte le prescrizioni tecniche e normative, offrendo, laddove richiesto, anche un servizio di scorta.<\/p>\n<p>[\/et_pb_accordion_item][\/et_pb_accordion][\/et_pb_column][\/et_pb_section][et_pb_section fb_built=&#8221;1&#8243; _builder_version=&#8221;4.27.5&#8243; _module_preset=&#8221;default&#8221; custom_padding=&#8221;1px|||||&#8221; global_colors_info=&#8221;{}&#8221;][et_pb_row _builder_version=&#8221;4.27.5&#8243; _module_preset=&#8221;default&#8221; global_colors_info=&#8221;{}&#8221;][et_pb_column type=&#8221;4_4&#8243; _builder_version=&#8221;4.27.5&#8243; _module_preset=&#8221;default&#8221; global_colors_info=&#8221;{}&#8221;][et_pb_video src=&#8221;https:\/\/cdn.muse.ai\/u\/68P41TC\/76f08e6cb609ec3f2744fb3dfea8194835585cab1ea810e2fef397b0254a0172\/videos\/video.mp4&#8243; _builder_version=&#8221;4.27.5&#8243; _module_preset=&#8221;default&#8221; global_colors_info=&#8221;{}&#8221;][\/et_pb_video][\/et_pb_column][\/et_pb_row][\/et_pb_section][et_pb_section fb_built=&#8221;1&#8243; admin_label=&#8221;Projekte Titel&#8221; _builder_version=&#8221;4.27.5&#8243; _module_preset=&#8221;default&#8221; custom_padding=&#8221;0px||0px|||&#8221; global_colors_info=&#8221;{}&#8221;][et_pb_row _builder_version=&#8221;4.27.5&#8243; _module_preset=&#8221;default&#8221; custom_padding=&#8221;0px||1px|||&#8221; global_colors_info=&#8221;{}&#8221;][et_pb_column type=&#8221;4_4&#8243; _builder_version=&#8221;4.27.5&#8243; _module_preset=&#8221;default&#8221; global_colors_info=&#8221;{}&#8221;][et_pb_text _builder_version=&#8221;4.27.5&#8243; _module_preset=&#8221;default&#8221; header_2_text_align=&#8221;left&#8221; header_2_font_size=&#8221;36px&#8221; header_2_line_height=&#8221;1.2em&#8221; header_5_font=&#8221;|||on|||||&#8221; header_5_text_align=&#8221;left&#8221; header_5_text_color=&#8221;#000000&#8243; header_5_font_size=&#8221;22px&#8221; header_5_line_height=&#8221;1.5em&#8221; custom_margin=&#8221;||||false|false&#8221; global_colors_info=&#8221;{}&#8221;]<\/p>\n<h5>Progetti<\/h5>\n<h2>Una storia in continuo movimento.<\/h2>\n<p>&nbsp;[\/et_pb_text][\/et_pb_column][\/et_pb_row][\/et_pb_section][et_pb_section fb_built=&#8221;1&#8243; admin_label=&#8221;Projekte&#8221; _builder_version=&#8221;4.27.5&#8243; _module_preset=&#8221;default&#8221; background_color=&#8221;#FFFFFF&#8221; custom_padding=&#8221;0px||||false|false&#8221; global_colors_info=&#8221;{}&#8221;][et_pb_row _builder_version=&#8221;4.27.5&#8243; _module_preset=&#8221;default&#8221; width_tablet=&#8221;100%&#8221; width_phone=&#8221;100%&#8221; width_last_edited=&#8221;on|tablet&#8221; custom_padding=&#8221;0px||||false|false&#8221; global_module=&#8221;1972&#8243; saved_tabs=&#8221;all&#8221; global_colors_info=&#8221;{}&#8221;][et_pb_column type=&#8221;4_4&#8243; _builder_version=&#8221;4.27.5&#8243; _module_preset=&#8221;default&#8221; global_colors_info=&#8221;{}&#8221;][dipi_blog_slider include_categories=&#8221;all&#8221; card_clickable=&#8221;on&#8221; use_thumbnail_height=&#8221;on&#8221; thumbnail_height=&#8221;300px&#8221; orderby=&#8221;rand&#8221; show_author=&#8221;off&#8221; show_date=&#8221;off&#8221; show_excerpt=&#8221;off&#8221; columns=&#8221;3&#8243; loop=&#8221;on&#8221; autoplay=&#8221;on&#8221; navigation=&#8221;on&#8221; navigation_on_hover=&#8221;on&#8221; navigation_prev_icon_yn=&#8221;on&#8221; navigation_prev_icon=&#8221;&#x34;||divi||400&#8243; navigation_next_icon_yn=&#8221;on&#8221; navigation_next_icon=&#8221;&#x35;||divi||400&#8243; image_animation=&#8221;move-up&#8221; thumbnail_height_tablet=&#8221;200px&#8221; thumbnail_height_phone=&#8221;&#8221; thumbnail_height_last_edited=&#8221;on|desktop&#8221; columns_tablet=&#8221;2&#8243; columns_phone=&#8221;1&#8243; columns_last_edited=&#8221;on|phone&#8221; space_between_tablet=&#8221;15&#8243; space_between_phone=&#8221;&#8221; space_between_last_edited=&#8221;on|tablet&#8221; _builder_version=&#8221;4.27.5&#8243; _module_preset=&#8221;default&#8221; custom_button=&#8221;on&#8221; button_alignment=&#8221;right&#8221; header_font_size_tablet=&#8221;&#8221; header_font_size_phone=&#8221;30px&#8221; header_font_size_last_edited=&#8221;on|phone&#8221; border_width_all_item=&#8221;1px&#8221; border_color_all_item=&#8221;#000000&#8243; global_colors_info=&#8221;{}&#8221;][\/dipi_blog_slider][\/et_pb_column][\/et_pb_row][\/et_pb_section]<\/p>\n","protected":false},"excerpt":{"rendered":"<p>ServiziIl mezzo giusto per ogni esigenza: la nostra flotta dispone di tutti i veicoli, le attrezzature, le licenze e le autorizzazioni necessarie per gestire ogni tipo di trasporto e carico, dai rifiuti edili, passando per i reflui agricoli sino ai carichi eccezionali con scorta.I servizi &nbsp;Macerie, pietre o materiali edili che siano, ci occupiamo noi [&hellip;]<\/p>\n","protected":false},"author":1,"featured_media":0,"parent":24845147,"menu_order":50,"comment_status":"closed","ping_status":"closed","template":"","meta":{"_et_pb_use_builder":"on","_et_pb_old_content":"","_et_gb_content_width":"","footnotes":""},"dipi_cpt_category":[],"class_list":["post-24845259","page","type-page","status-publish","hentry"],"_links":{"self":[{"href":"https:\/\/www.brunner-leiter.com\/it\/wp-json\/wp\/v2\/pages\/24845259","targetHints":{"allow":["GET"]}}],"collection":[{"href":"https:\/\/www.brunner-leiter.com\/it\/wp-json\/wp\/v2\/pages"}],"about":[{"href":"https:\/\/www.brunner-leiter.com\/it\/wp-json\/wp\/v2\/types\/page"}],"author":[{"embeddable":true,"href":"https:\/\/www.brunner-leiter.com\/it\/wp-json\/wp\/v2\/users\/1"}],"replies":[{"embeddable":true,"href":"https:\/\/www.brunner-leiter.com\/it\/wp-json\/wp\/v2\/comments?post=24845259"}],"version-history":[{"count":7,"href":"https:\/\/www.brunner-leiter.com\/it\/wp-json\/wp\/v2\/pages\/24845259\/revisions"}],"predecessor-version":[{"id":24845486,"href":"https:\/\/www.brunner-leiter.com\/it\/wp-json\/wp\/v2\/pages\/24845259\/revisions\/24845486"}],"up":[{"embeddable":true,"href":"https:\/\/www.brunner-leiter.com\/it\/wp-json\/wp\/v2\/pages\/24845147"}],"wp:attachment":[{"href":"https:\/\/www.brunner-leiter.com\/it\/wp-json\/wp\/v2\/media?parent=24845259"}],"wp:term":[{"taxonomy":"dipi_cpt_category","embeddable":true,"href":"https:\/\/www.brunner-leiter.com\/it\/wp-json\/wp\/v2\/dipi_cpt_category?post=24845259"}],"curies":[{"name":"wp","href":"https:\/\/api.w.org\/{rel}","templated":true}]}}